{"id":4686,"date":"2020-09-22T15:50:18","date_gmt":"2020-09-22T15:50:18","guid":{"rendered":"http:\/\/archmw.firmakontra.net\/?page_id=4686"},"modified":"2024-11-28T15:03:45","modified_gmt":"2024-11-28T15:03:45","slug":"partners","status":"publish","type":"page","link":"http:\/\/archmw.pl\/nn\/studio\/partners\/","title":{"rendered":"Partnere"},"content":{"rendered":"<div class=\"vc-row-container container\"><div id=\"Partners\" class=\"vc_row wpb_row vc_row-fluid\"><div class=\"wpb_column vc_column_container vc_col-sm-12\"><div class=\"vc_column-inner\"><div class=\"wpb_wrapper\">\n\t<div class=\"wpb_text_column wpb_content_element  post-formatting\" >\n\t\t<div class=\"wpb_wrapper\">\n\t\t\t<h1>Partnere<\/h1>\n\n\t\t<\/div>\n\t<\/div>\n<div class=\"vc_row wpb_row vc_inner vc_row-fluid members\"><div class=\"wpb_column vc_column_container vc_col-sm-12\"><div class=\"vc_column-inner\"><div class=\"wpb_wrapper\">\n\t<div  class=\"wpb_single_image wpb_content_element vc_align_center\">\n\t\t\n\t\t<figure class=\"wpb_wrapper vc_figure\">\n\t\t\t<div class=\"vc_single_image-wrapper   vc_box_border_grey\"><img loading=\"lazy\" decoding=\"async\" width=\"2048\" height=\"1152\" src=\"http:\/\/archmw.pl\/wp-content\/uploads\/2020\/11\/Projekt-bez-tytulu-2.jpg\" class=\"vc_single_image-img attachment-full\" alt=\"\" srcset=\"http:\/\/archmw.pl\/wp-content\/uploads\/2020\/11\/Projekt-bez-tytulu-2.jpg 2048w, http:\/\/archmw.pl\/wp-content\/uploads\/2020\/11\/Projekt-bez-tytulu-2-300x169.jpg 300w, http:\/\/archmw.pl\/wp-content\/uploads\/2020\/11\/Projekt-bez-tytulu-2-1024x576.jpg 1024w, http:\/\/archmw.pl\/wp-content\/uploads\/2020\/11\/Projekt-bez-tytulu-2-768x432.jpg 768w, http:\/\/archmw.pl\/wp-content\/uploads\/2020\/11\/Projekt-bez-tytulu-2-1536x864.jpg 1536w, http:\/\/archmw.pl\/wp-content\/uploads\/2020\/11\/Projekt-bez-tytulu-2-1612x907.jpg 1612w, http:\/\/archmw.pl\/wp-content\/uploads\/2020\/11\/Projekt-bez-tytulu-2-1116x628.jpg 1116w, http:\/\/archmw.pl\/wp-content\/uploads\/2020\/11\/Projekt-bez-tytulu-2-806x453.jpg 806w, http:\/\/archmw.pl\/wp-content\/uploads\/2020\/11\/Projekt-bez-tytulu-2-558x314.jpg 558w, http:\/\/archmw.pl\/wp-content\/uploads\/2020\/11\/Projekt-bez-tytulu-2-700x394.jpg 700w, http:\/\/archmw.pl\/wp-content\/uploads\/2020\/11\/Projekt-bez-tytulu-2-820x461.jpg 820w\" sizes=\"auto, (max-width: 2048px) 100vw, 2048px\" \/><\/div>\n\t\t<\/figure>\n\t<\/div>\n<div class=\"vc_empty_space\"   style=\"height: 32px\"><span class=\"vc_empty_space_inner\"><\/span><\/div><\/div><\/div><\/div><\/div><div class=\"vc_row wpb_row vc_inner vc_row-fluid\"><div class=\"team-member wpb_column vc_column_container vc_col-sm-4\"><div class=\"vc_column-inner\"><div class=\"wpb_wrapper\">\n\t<div class=\"wpb_text_column wpb_content_element  post-formatting\" >\n\t\t<div class=\"wpb_wrapper\">\n\t\t\t<h2>Maciej Kozub<\/h2>\n<p>ARKITEKT<\/p>\n<p>utdannet ved fakultetet for arkitektur ved Cracow University of Technology<\/p>\n<p>l\u00e6retid i yrket siden 1981<\/p>\n<p>w\u0142a\u015bciciel biura MK &#8211; Architektoniczna Pracownia Projektowa<\/p>\n<p>siden 2000 tilknyttet selskapet Architekci Miko\u0142ajski &amp; Wiese<\/p>\n\n\t\t<\/div>\n\t<\/div>\n<\/div><\/div><\/div><div class=\"team-member wpb_column vc_column_container vc_col-sm-4\"><div class=\"vc_column-inner\"><div class=\"wpb_wrapper\">\n\t<div class=\"wpb_text_column wpb_content_element  post-formatting\" >\n\t\t<div class=\"wpb_wrapper\">\n\t\t\t<h2>Frithjof Wiese<\/h2>\n<p>ARKITEKT<\/p>\n<p>studia w Niemczech<\/p>\n<p>praktyka w zawodzie od 1972 roku<\/p>\n<p>lider szeregu biur architektonicznych w Norwegii<\/p>\n<p>dzia\u0142alno\u015b\u0107 projektowa i deweloperska w Europie i Afryce<\/p>\n\n\t\t<\/div>\n\t<\/div>\n<\/div><\/div><\/div><div class=\"wpb_column vc_column_container vc_col-sm-4\"><div class=\"vc_column-inner\"><div class=\"wpb_wrapper\">\n\t<div class=\"wpb_text_column wpb_content_element  post-formatting\" >\n\t\t<div class=\"wpb_wrapper\">\n\t\t\t<h2>Marian Miko\u0142ajski<\/h2>\n<p>ARKITEKT<\/p>\n<p>utdannet ved fakultetet for arkitektur ved Cracow University of Technology<\/p>\n<p>l\u00e6retid i yrket siden 1981<\/p>\n<p>w latach 1985-88 asystent w Instytucie Urbanistyki i Planowania Przestrzennego na Wydziale Architektury Politechniki Krakowskiej<\/p>\n<p>od roku 1987 zwi\u0105zany z norweskimi biurami architektonicznymi<\/p>\n<p>od roku 2001 Honorowy Konsul Kr\u00f3lestwa Norwegii w Krakowie<\/p>\n<p>cz\u0142onek SARP<\/p>\n\n\t\t<\/div>\n\t<\/div>\n<\/div><\/div><\/div><\/div><div class=\"vc_empty_space\"   style=\"height: 32px\"><span class=\"vc_empty_space_inner\"><\/span><\/div><\/div><\/div><\/div><\/div><\/div>","protected":false},"excerpt":{"rendered":"Partnerzy Maciej Kozub ARCHITEKT absolwent Wydzia\u0142u Architektury Politechniki Krakowskiej praktyka w zawodzie od 1981 roku w\u0142a\u015bciciel biura MK - Architektoniczna Pracownia Projektowa od roku 2000 zwi\u0105zany ze sp\u00f3\u0142k\u0105\u00a0Architekci Miko\u0142ajski &amp; Wiese Frithjof Wiese ARCHITEKT studia w Niemczech praktyka w zawodzie od 1972 roku lider szeregu biur architektonicznych w Norwegii dzia\u0142alno\u015b\u0107 projektowa i deweloperska w Europie&hellip;","protected":false},"author":1,"featured_media":0,"parent":2359,"menu_order":0,"comment_status":"closed","ping_status":"closed","template":"","meta":{"inline_featured_image":false,"footnotes":""},"class_list":["post-4686","page","type-page","status-publish","hentry"],"_links":{"self":[{"href":"http:\/\/archmw.pl\/nn\/wp-json\/wp\/v2\/pages\/4686","targetHints":{"allow":["GET"]}}],"collection":[{"href":"http:\/\/archmw.pl\/nn\/wp-json\/wp\/v2\/pages"}],"about":[{"href":"http:\/\/archmw.pl\/nn\/wp-json\/wp\/v2\/types\/page"}],"author":[{"embeddable":true,"href":"http:\/\/archmw.pl\/nn\/wp-json\/wp\/v2\/users\/1"}],"replies":[{"embeddable":true,"href":"http:\/\/archmw.pl\/nn\/wp-json\/wp\/v2\/comments?post=4686"}],"version-history":[{"count":38,"href":"http:\/\/archmw.pl\/nn\/wp-json\/wp\/v2\/pages\/4686\/revisions"}],"predecessor-version":[{"id":5769,"href":"http:\/\/archmw.pl\/nn\/wp-json\/wp\/v2\/pages\/4686\/revisions\/5769"}],"up":[{"embeddable":true,"href":"http:\/\/archmw.pl\/nn\/wp-json\/wp\/v2\/pages\/2359"}],"wp:attachment":[{"href":"http:\/\/archmw.pl\/nn\/wp-json\/wp\/v2\/media?parent=4686"}],"curies":[{"name":"wp","href":"https:\/\/api.w.org\/{rel}","templated":true}]}}